{"id":120,"date":"2022-12-16T01:11:46","date_gmt":"2022-12-16T01:11:46","guid":{"rendered":"http:\/\/www.valmexico.com\/site\/?page_id=120"},"modified":"2024-06-20T21:34:56","modified_gmt":"2024-06-20T21:34:56","slug":"120-2","status":"publish","type":"page","link":"https:\/\/www.valmexico.com\/site\/?page_id=120","title":{"rendered":"Historia"},"content":{"rendered":"<p>[et_pb_section fb_built=\u00bb1&#8243; admin_label=\u00bbAbout Section\u00bb _builder_version=\u00bb4.16&#8243; background_color=\u00bb#f7f7f7&#8243; background_image=\u00bbhttp:\/\/www.valmexico.com\/site\/wp-content\/uploads\/2022\/12\/back.jpg\u00bb custom_margin=\u00bb16px|||||\u00bb custom_padding=\u00bb31px||15px|||\u00bb global_colors_info=\u00bb{}\u00bb][et_pb_row column_structure=\u00bb1_2,1_2&#8243; _builder_version=\u00bb4.19.3&#8243; _module_preset=\u00bbdefault\u00bb background_color=\u00bb#FFFFFF\u00bb width=\u00bb92.2%\u00bb global_colors_info=\u00bb{}\u00bb][et_pb_column type=\u00bb1_2&#8243; _builder_version=\u00bb4.19.3&#8243; _module_preset=\u00bbdefault\u00bb global_colors_info=\u00bb{}\u00bb][et_pb_text _builder_version=\u00bb4.19.3&#8243; _module_preset=\u00bbdefault\u00bb custom_margin=\u00bb|||24px||\u00bb global_colors_info=\u00bb{}\u00bb]<\/p>\n<h1>HISTORIA<\/h1>\n<p><span>\u00a0<\/span><\/p>\n<p><strong>Val,<\/strong><span>\u00a0<\/span>fue constituida en 1976, con el objeto de dar servicio al campo de las artes gr\u00e1ficas, y desde sus oficinas en M\u00e9xico ha representado exitosamente a importantes compa\u00f1\u00edas europeas y norteamericanas en varios pa\u00edses de Am\u00e9rica Latina; cuidadosamente seleccionando a sus representadas entre l\u00edderes absolutas en su ramo.<\/p>\n<p>Val se ha caracterizado por vender a clientes mexicanos numerosos equipos de gran envergadura y la m\u00e1s alta calidad tales como:<\/p>\n<p>Impresoras de huecograbado y flexograf\u00eda, laminadoras, extrusoras y cortadoras rebobinadoras, unidades de registro, videos de inspecci\u00f3n y otros equipos\u00a0sat\u00e9lites a convertidoras de rotograbado y flexograf\u00eda.<\/p>\n<p><span>\u00a0<\/span><\/p>\n<p><strong>Misi\u00f3n:<\/strong><span>\u00a0<\/span>Es misi\u00f3n de Val ofrecer el mejor servicio en el mercado de las Artes Gr\u00e1ficas, basados en sus m\u00e1s de 30 a\u00f1os de experiencia dedicada a la comercializaci\u00f3n de productos para los convertidores de la industria gr\u00e1fica mexicana. La empresa est\u00e1\u00a0comprometida a contribuir al bienestar de sus clientes al representar compa\u00f1\u00edas de primera clase en sus diferentes ramos, que sobresalgan por su servicio t\u00e9cnico. De la misma manera, la empresa est\u00e1\u00a0comprometida a contribuir al desarrollo de sus empleados permiti\u00e9ndoles oportunidades de crecimiento.<\/p>\n<p><span>\u00a0<\/span><\/p>\n<p><strong>Visi\u00f3n:<span>\u00a0<\/span><\/strong>Val es una empresa en crecimiento que a base de productos y servicios de calidad, el soporte t\u00e9cnico de sus representadas, la colaboraci\u00f3n de sus empresas asociadas y el apoyo de sus clientes espera continuar siendo un l\u00edder en su ramo.\u00a0<\/p>\n<p>[\/et_pb_text][\/et_pb_column][et_pb_column type=\u00bb1_2&#8243; _builder_version=\u00bb4.19.3&#8243; _module_preset=\u00bbdefault\u00bb global_colors_info=\u00bb{}\u00bb][et_pb_gallery gallery_ids=\u00bb123,124,125,126,127,128,129,130,131,132,133,134,135&#8243; posts_number=\u00bb13&#8243; show_title_and_caption=\u00bboff\u00bb show_pagination=\u00bboff\u00bb _builder_version=\u00bb4.19.3&#8243; _module_preset=\u00bbdefault\u00bb width=\u00bb83%\u00bb max_width=\u00bb88%\u00bb min_height=\u00bb1000px\u00bb height=\u00bb1000px\u00bb max_height=\u00bb1000px\u00bb custom_margin=\u00bb|-400px||||\u00bb custom_padding=\u00bb|0px||||\u00bb animation_style=\u00bbfold\u00bb border_radii_image=\u00bbon|14px|14px|14px|14px\u00bb border_width_all_image=\u00bb2px\u00bb border_color_all_image=\u00bb#d1d1d1&#8243; box_shadow_style_image=\u00bbpreset3&#8243; box_shadow_horizontal_image=\u00bb12px\u00bb global_colors_info=\u00bb{}\u00bb][\/et_pb_gallery][\/et_pb_column][\/et_pb_row][\/et_pb_section][et_pb_section fb_built=\u00bb1&#8243; admin_label=\u00bbFeature 03&#8243; _builder_version=\u00bb4.19.3&#8243; custom_margin=\u00bb-19px|||||\u00bb custom_padding=\u00bb0px||8px|||\u00bb top_divider_style=\u00bbarrow3&#8243; top_divider_color=\u00bbrgba(224,196,136,0.31)\u00bb top_divider_height=\u00bb60px\u00bb top_divider_flip=\u00bbhorizontal\u00bb global_colors_info=\u00bb{}\u00bb][et_pb_row _builder_version=\u00bb4.16&#8243; _module_preset=\u00bbdefault\u00bb global_colors_info=\u00bb{}\u00bb][et_pb_column type=\u00bb4_4&#8243; _builder_version=\u00bb4.16&#8243; _module_preset=\u00bbdefault\u00bb global_colors_info=\u00bb{}\u00bb][et_pb_image src=\u00bbhttp:\/\/www.valmexico.com\/site\/wp-content\/uploads\/2022\/12\/item.png\u00bb title_text=\u00bbitem\u00bb align=\u00bbcenter\u00bb _builder_version=\u00bb4.16&#8243; _module_preset=\u00bbdefault\u00bb min_height=\u00bb22px\u00bb custom_margin=\u00bb18px||-25px|||\u00bb custom_padding=\u00bb||34px|||\u00bb global_colors_info=\u00bb{}\u00bb][\/et_pb_image][\/et_pb_column][\/et_pb_row][et_pb_row column_structure=\u00bb3_5,2_5&#8243; _builder_version=\u00bb4.16&#8243; make_fullwidth=\u00bbon\u00bb custom_width_px=\u00bb1600px\u00bb locked=\u00bboff\u00bb global_colors_info=\u00bb{}\u00bb global_module=\u00bb516&#8243; theme_builder_area=\u00bbpost_content\u00bb][et_pb_column type=\u00bb3_5&#8243; _builder_version=\u00bb4.16&#8243; custom_padding=\u00bb|||\u00bb global_colors_info=\u00bb{}\u00bb custom_padding__hover=\u00bb|||\u00bb theme_builder_area=\u00bbpost_content\u00bb][et_pb_text _builder_version=\u00bb4.19.3&#8243; header_font=\u00bb||||||||\u00bb header_2_font=\u00bbMontserrat|600|||||||\u00bb header_2_line_height=\u00bb1.5em\u00bb width=\u00bb100%\u00bb custom_margin=\u00bb||15px|\u00bb animation_style=\u00bbslide\u00bb animation_direction=\u00bbright\u00bb animation_intensity_slide=\u00bb10%\u00bb animation_starting_opacity=\u00bb100%\u00bb global_colors_info=\u00bb{}\u00bb theme_builder_area=\u00bbpost_content\u00bb]<\/p>\n<h2 style=\"text-align: center;\">VAL<\/h2>\n<p>[\/et_pb_text][et_pb_text _builder_version=\u00bb4.16&#8243; text_font=\u00bb||||||||\u00bb text_font_size=\u00bb16px\u00bb text_line_height=\u00bb1.8em\u00bb width=\u00bb100%\u00bb custom_margin=\u00bb-16px|||||\u00bb custom_padding=\u00bb||10px|\u00bb animation_style=\u00bbslide\u00bb animation_direction=\u00bbright\u00bb animation_intensity_slide=\u00bb10%\u00bb animation_starting_opacity=\u00bb100%\u00bb global_colors_info=\u00bb{}\u00bb theme_builder_area=\u00bbpost_content\u00bb]<\/p>\n<p>Av. <span>Alfredo del Mazo #3, Fracc. Ind. El Pedregal, Atizap\u00e1n de Zaragoza, Edo. de M\u00e9xico, C.P. 52948. M\u00e9xico<\/span><\/p>\n<p>[\/et_pb_text][\/et_pb_column][et_pb_column type=\u00bb2_5&#8243; _builder_version=\u00bb4.16&#8243; _module_preset=\u00bbdefault\u00bb global_colors_info=\u00bb{}\u00bb theme_builder_area=\u00bbpost_content\u00bb][et_pb_image src=\u00bbhttp:\/\/www.valmexico.com\/site\/wp-content\/uploads\/2022\/12\/youtube-1.png\u00bb title_text=\u00bbyoutube\u00bb url=\u00bbhttps:\/\/www.youtube.com\/channel\/UCSI8I5Z7s1ONAM2_7uje2lg\u00bb url_new_window=\u00bbon\u00bb align=\u00bbcenter\u00bb _builder_version=\u00bb4.19.3&#8243; _module_preset=\u00bbdefault\u00bb width=\u00bb59.4%\u00bb custom_margin=\u00bb||37px|||\u00bb custom_padding=\u00bb26px||45px|0px||\u00bb global_colors_info=\u00bb{}\u00bb theme_builder_area=\u00bbpost_content\u00bb][\/et_pb_image][\/et_pb_column][\/et_pb_row][\/et_pb_section]<\/p>\n","protected":false},"excerpt":{"rendered":"<p>HISTORIA \u00a0 Val,\u00a0fue constituida en 1976, con el objeto de dar servicio al campo de las artes gr\u00e1ficas, y desde sus oficinas en M\u00e9xico ha representado exitosamente a importantes compa\u00f1\u00edas europeas y norteamericanas en varios pa\u00edses de Am\u00e9rica Latina; cuidadosamente seleccionando a sus representadas entre l\u00edderes absolutas en su ramo. Val se ha caracterizado por [&hellip;]<\/p>\n","protected":false},"author":1,"featured_media":0,"parent":0,"menu_order":0,"comment_status":"closed","ping_status":"closed","template":"","meta":{"_et_pb_use_builder":"on","_et_pb_old_content":"","_et_gb_content_width":"","footnotes":""},"_links":{"self":[{"href":"https:\/\/www.valmexico.com\/site\/index.php?rest_route=\/wp\/v2\/pages\/120"}],"collection":[{"href":"https:\/\/www.valmexico.com\/site\/index.php?rest_route=\/wp\/v2\/pages"}],"about":[{"href":"https:\/\/www.valmexico.com\/site\/index.php?rest_route=\/wp\/v2\/types\/page"}],"author":[{"embeddable":true,"href":"https:\/\/www.valmexico.com\/site\/index.php?rest_route=\/wp\/v2\/users\/1"}],"replies":[{"embeddable":true,"href":"https:\/\/www.valmexico.com\/site\/index.php?rest_route=%2Fwp%2Fv2%2Fcomments&post=120"}],"version-history":[{"count":7,"href":"https:\/\/www.valmexico.com\/site\/index.php?rest_route=\/wp\/v2\/pages\/120\/revisions"}],"predecessor-version":[{"id":518,"href":"https:\/\/www.valmexico.com\/site\/index.php?rest_route=\/wp\/v2\/pages\/120\/revisions\/518"}],"wp:attachment":[{"href":"https:\/\/www.valmexico.com\/site\/index.php?rest_route=%2Fwp%2Fv2%2Fmedia&parent=120"}],"curies":[{"name":"wp","href":"https:\/\/api.w.org\/{rel}","templated":true}]}}