{"id":17,"date":"2022-12-15T13:21:04","date_gmt":"2022-12-15T13:21:04","guid":{"rendered":"http:\/\/www.valmexico.com\/site\/?page_id=17"},"modified":"2025-02-08T20:16:44","modified_gmt":"2025-02-08T20:16:44","slug":"inicio","status":"publish","type":"page","link":"https:\/\/www.valmexico.com\/site\/","title":{"rendered":"Inicio"},"content":{"rendered":"<p>[et_pb_section fb_built=\u00bb1&#8243; fullwidth=\u00bbon\u00bb _builder_version=\u00bb4.16&#8243; _module_preset=\u00bbdefault\u00bb global_colors_info=\u00bb{}\u00bb][et_pb_fullwidth_slider _builder_version=\u00bb4.25.2&#8243; _module_preset=\u00bbdefault\u00bb background_image=\u00bbhttp:\/\/www.valmexico.com\/site\/wp-content\/uploads\/2022\/12\/h4.jpg\u00bb custom_margin=\u00bb||-6px|||\u00bb custom_padding=\u00bb||391px|||\u00bb animation_style=\u00bbfade\u00bb auto=\u00bbon\u00bb auto_speed=\u00bb4000&#8243; auto_ignore_hover=\u00bbon\u00bb hover_transition_duration=\u00bb100ms\u00bb hover_transition_delay=\u00bb50ms\u00bb hover_transition_speed_curve=\u00bbease-in-out\u00bb scroll_fade_enable=\u00bbon\u00bb hover_enabled=\u00bb0&#8243; global_colors_info=\u00bb{}\u00bb sticky_enabled=\u00bb0&#8243;][et_pb_slide _builder_version=\u00bb4.25.2&#8243; _module_preset=\u00bb2aacb6de-773d-4d61-b9d0-585fd1184202&#8243; hover_enabled=\u00bb0&#8243; global_colors_info=\u00bb{}\u00bb sticky_transition=\u00bbon\u00bb title_text=\u00bbThea 9one8&#8243; background_image=\u00bbhttp:\/\/www.valmexico.com\/site\/wp-content\/uploads\/2025\/02\/Thea-9one8.jpg\u00bb sticky_enabled=\u00bb0&#8243;][\/et_pb_slide][et_pb_slide _builder_version=\u00bb4.25.2&#8243; _module_preset=\u00bbdefault\u00bb background_image=\u00bbhttp:\/\/www.valmexico.com\/site\/wp-content\/uploads\/2025\/02\/Plutus-scaled.jpg\u00bb background_enable_image=\u00bbon\u00bb hover_enabled=\u00bb0&#8243; global_colors_info=\u00bb{}\u00bb sticky_transition=\u00bbon\u00bb title_text=\u00bbPlutus\u00bb sticky_enabled=\u00bb0&#8243;][\/et_pb_slide][et_pb_slide _builder_version=\u00bb4.25.2&#8243; _module_preset=\u00bbdefault\u00bb background_image=\u00bbhttp:\/\/www.valmexico.com\/site\/wp-content\/uploads\/2025\/02\/Gaia-Solventless-Lamination-scaled.jpg\u00bb background_enable_image=\u00bbon\u00bb hover_enabled=\u00bb0&#8243; global_colors_info=\u00bb{}\u00bb sticky_transition=\u00bbon\u00bb title_text=\u00bbGaia-Solventless Lamination\u00bb sticky_enabled=\u00bb0&#8243;][\/et_pb_slide][et_pb_slide _builder_version=\u00bb4.16&#8243; _module_preset=\u00bbdefault\u00bb background_image=\u00bbhttp:\/\/www.valmexico.com\/site\/wp-content\/uploads\/2022\/12\/h8.jpg\u00bb background_enable_image=\u00bbon\u00bb global_colors_info=\u00bb{}\u00bb sticky_transition=\u00bbon\u00bb][\/et_pb_slide][et_pb_slide _builder_version=\u00bb4.16&#8243; _module_preset=\u00bbdefault\u00bb background_image=\u00bbhttp:\/\/www.valmexico.com\/site\/wp-content\/uploads\/2022\/12\/h9.jpg\u00bb background_enable_image=\u00bbon\u00bb global_colors_info=\u00bb{}\u00bb sticky_transition=\u00bbon\u00bb][\/et_pb_slide][et_pb_slide _builder_version=\u00bb4.19.3&#8243; _module_preset=\u00bbdefault\u00bb global_colors_info=\u00bb{}\u00bb sticky_transition=\u00bbon\u00bb][\/et_pb_slide][\/et_pb_fullwidth_slider][\/et_pb_section][et_pb_section fb_built=\u00bb1&#8243; admin_label=\u00bbAbout Section\u00bb _builder_version=\u00bb4.16&#8243; background_color=\u00bb#f7f7f7&#8243; background_image=\u00bbhttp:\/\/www.valmexico.com\/site\/wp-content\/uploads\/2022\/12\/back.jpg\u00bb custom_margin=\u00bb16px|||||\u00bb custom_padding=\u00bb31px||15px|||\u00bb global_colors_info=\u00bb{}\u00bb][et_pb_row column_structure=\u00bb2_3,1_3&#8243; admin_label=\u00bbSection Title\u00bb _builder_version=\u00bb4.16&#8243; background_color=\u00bb#FFFFFF\u00bb custom_margin=\u00bb|||\u00bb custom_padding=\u00bb27px|0px|6px|0px||\u00bb locked=\u00bboff\u00bb global_colors_info=\u00bb{}\u00bb][et_pb_column type=\u00bb2_3&#8243; _builder_version=\u00bb4.16&#8243; custom_padding=\u00bb|||\u00bb global_colors_info=\u00bb{}\u00bb custom_padding__hover=\u00bb|||\u00bb][et_pb_text admin_label=\u00bbTitle\u00bb _builder_version=\u00bb4.16&#8243; text_font=\u00bb||||||||\u00bb header_font=\u00bb||||||||\u00bb header_2_font=\u00bbMontserrat|600||on|||||\u00bb header_2_text_align=\u00bbcenter\u00bb header_2_font_size=\u00bb30px\u00bb custom_margin=\u00bb||5px|\u00bb animation_style=\u00bbslide\u00bb animation_direction=\u00bbtop\u00bb animation_intensity_slide=\u00bb20%\u00bb animation_starting_opacity=\u00bb100%\u00bb global_colors_info=\u00bb{}\u00bb]<\/p>\n<h2>VAL<\/h2>\n<p>[\/et_pb_text][et_pb_divider show_divider=\u00bboff\u00bb _builder_version=\u00bb4.16&#8243; max_width=\u00bb23px\u00bb module_alignment=\u00bbcenter\u00bb animation_style=\u00bbslide\u00bb animation_direction=\u00bbtop\u00bb animation_intensity_slide=\u00bb20%\u00bb animation_starting_opacity=\u00bb100%\u00bb global_colors_info=\u00bb{}\u00bb][\/et_pb_divider][et_pb_text admin_label=\u00bbTitle\u00bb _builder_version=\u00bb4.19.3&#8243; text_font=\u00bbOvo|300|||||||\u00bb text_text_color=\u00bb#000000&#8243; text_font_size=\u00bb9px\u00bb text_line_height=\u00bb-2.3em\u00bb link_font=\u00bb||||on|||#f46624|\u00bb link_text_color=\u00bb#333333&#8243; header_font=\u00bb||||||||\u00bb header_2_font=\u00bbMontserrat|600||on|||||\u00bb header_2_text_align=\u00bbcenter\u00bb header_2_font_size=\u00bb30px\u00bb text_orientation=\u00bbcenter\u00bb max_width=\u00bb980px\u00bb module_alignment=\u00bbcenter\u00bb custom_margin=\u00bb-21px|-166px|-2px|||\u00bb custom_padding=\u00bb|0px||29px||\u00bb animation_style=\u00bbslide\u00bb animation_direction=\u00bbtop\u00bb animation_intensity_slide=\u00bb20%\u00bb animation_starting_opacity=\u00bb100%\u00bb global_colors_info=\u00bb{}\u00bb]<\/p>\n<p style=\"text-align: left;\"><span style=\"font-size: medium;\"><\/span><\/p>\n<p style=\"text-align: left;\"><span style=\"font-size: medium;\">Compa\u00f1\u00eda con mas de 30 a\u00f1os de experiencia en las artes gr\u00e1ficas, y forma parte de un grupo de compa\u00f1\u00edas asociadas con el fin de brindar servicios a los convertidores mexicanos.<\/span><\/p>\n<p style=\"text-align: left;\"><span style=\"font-size: medium;\">Val es representante o distribuidor exclusivo de varias marcas l\u00edderes del ramo de las artes gr\u00e1ficas.<\/span><span style=\"font-size: medium;\"><\/span><\/p>\n<p style=\"text-align: left;\"><span style=\"font-size: medium;\"><strong>Entre los productos que ofrece se encuentran:<\/strong><\/span><\/p>\n<p style=\"text-align: left;\"><span style=\"font-size: medium;\"><\/span><\/p>\n<ul>\n<li style=\"text-align: left;\"><span style=\"font-size: medium;\">Controles de Registro.<\/span><\/li>\n<li style=\"text-align: left;\"><span style=\"font-size: medium;\">Equipos de video inspecci\u00f3n.<\/span><\/li>\n<li style=\"text-align: left;\"><span style=\"font-size: medium;\">Equipos de inspecci\u00f3n de fallas 100%.<\/span><\/li>\n<li style=\"text-align: left;\"><span style=\"font-size: medium;\">Impresoras de flexograf\u00eda y rotograbado.<\/span><\/li>\n<li style=\"text-align: left;\"><span style=\"font-size: medium;\">Laminadoras de todo tipo.<\/span><\/li>\n<li style=\"text-align: left;\"><span style=\"font-size: medium;\">M\u00e1quinas Bolseadoras.<\/span><\/li>\n<li style=\"text-align: left;\"><span style=\"font-size: medium;\">Recuperadoras de Solventes.<\/span><\/li>\n<\/ul>\n<p>[\/et_pb_text][\/et_pb_column][et_pb_column type=\u00bb1_3&#8243; _builder_version=\u00bb4.16&#8243; custom_padding=\u00bb|||\u00bb global_colors_info=\u00bb{}\u00bb custom_padding__hover=\u00bb|||\u00bb][et_pb_text _builder_version=\u00bb4.19.3&#8243; text_font=\u00bb||||||||\u00bb text_font_size=\u00bb1px\u00bb custom_margin=\u00bb||0px|||\u00bb custom_padding=\u00bb59px||10px|||\u00bb animation_style=\u00bbslide\u00bb animation_direction=\u00bbright\u00bb animation_intensity_slide=\u00bb10%\u00bb animation_starting_opacity=\u00bb100%\u00bb global_colors_info=\u00bb{}\u00bb]<\/p>\n<h6 style=\"text-align: center;\">\u00daltimas Noticias<\/h6>\n<h6 style=\"text-align: center;\">BST-Eltromat<\/h6>\n<p>[\/et_pb_text][et_pb_button button_url=\u00bbhttp:\/\/www.eltromat.de\/en\/current-news\/events\/\u00bb url_new_window=\u00bbon\u00bb button_text=\u00bbEventos\u00bb button_alignment=\u00bbcenter\u00bb _builder_version=\u00bb4.19.3&#8243; _module_preset=\u00bbdefault\u00bb custom_button=\u00bbon\u00bb button_text_size=\u00bb20px\u00bb button_text_color=\u00bb#0C71C3&#8243; button_bg_enable_image=\u00bboff\u00bb button_bg_size=\u00bbinitial\u00bb button_border_width=\u00bb2px\u00bb button_border_radius=\u00bb28px\u00bb button_letter_spacing=\u00bb0px\u00bb button_font=\u00bbAudiowide||||||||\u00bb button_use_icon=\u00bboff\u00bb global_colors_info=\u00bb{}\u00bb][\/et_pb_button][et_pb_button button_url=\u00bbhttp:\/\/www.eltromat.de\/en\/current-news\/news\/\u00bb url_new_window=\u00bbon\u00bb button_text=\u00bbNoticias\u00bb button_alignment=\u00bbcenter\u00bb _builder_version=\u00bb4.19.3&#8243; _module_preset=\u00bbdefault\u00bb custom_button=\u00bbon\u00bb button_text_size=\u00bb20px\u00bb button_text_color=\u00bb#0C71C3&#8243; button_bg_enable_image=\u00bboff\u00bb button_bg_size=\u00bbinitial\u00bb button_border_width=\u00bb2px\u00bb button_border_radius=\u00bb28px\u00bb button_letter_spacing=\u00bb0px\u00bb button_font=\u00bbAudiowide||||||||\u00bb button_use_icon=\u00bboff\u00bb global_colors_info=\u00bb{}\u00bb][\/et_pb_button][\/et_pb_column][\/et_pb_row][\/et_pb_section][et_pb_section fb_built=\u00bb1&#8243; admin_label=\u00bbFeature 03&#8243; _builder_version=\u00bb4.19.3&#8243; custom_margin=\u00bb-19px|||||\u00bb custom_padding=\u00bb0px||8px|||\u00bb top_divider_style=\u00bbarrow3&#8243; top_divider_color=\u00bbrgba(224,196,136,0.31)\u00bb top_divider_height=\u00bb60px\u00bb top_divider_flip=\u00bbhorizontal\u00bb global_colors_info=\u00bb{}\u00bb][et_pb_row _builder_version=\u00bb4.16&#8243; _module_preset=\u00bbdefault\u00bb global_colors_info=\u00bb{}\u00bb][et_pb_column type=\u00bb4_4&#8243; _builder_version=\u00bb4.16&#8243; _module_preset=\u00bbdefault\u00bb global_colors_info=\u00bb{}\u00bb][et_pb_image src=\u00bbhttp:\/\/www.valmexico.com\/site\/wp-content\/uploads\/2022\/12\/item.png\u00bb title_text=\u00bbitem\u00bb align=\u00bbcenter\u00bb _builder_version=\u00bb4.16&#8243; _module_preset=\u00bbdefault\u00bb min_height=\u00bb22px\u00bb custom_margin=\u00bb18px||-25px|||\u00bb custom_padding=\u00bb||34px|||\u00bb global_colors_info=\u00bb{}\u00bb][\/et_pb_image][\/et_pb_column][\/et_pb_row][et_pb_row column_structure=\u00bb3_5,2_5&#8243; _builder_version=\u00bb4.25.2&#8243; make_fullwidth=\u00bbon\u00bb custom_width_px=\u00bb1600px\u00bb global_module=\u00bb516&#8243; saved_tabs=\u00bball\u00bb locked=\u00bboff\u00bb global_colors_info=\u00bb{}\u00bb][et_pb_column type=\u00bb3_5&#8243; _builder_version=\u00bb4.16&#8243; custom_padding=\u00bb|||\u00bb global_colors_info=\u00bb{}\u00bb custom_padding__hover=\u00bb|||\u00bb][et_pb_text _builder_version=\u00bb4.19.3&#8243; header_font=\u00bb||||||||\u00bb header_2_font=\u00bbMontserrat|600|||||||\u00bb header_2_line_height=\u00bb1.5em\u00bb width=\u00bb100%\u00bb custom_margin=\u00bb||15px|\u00bb animation_style=\u00bbslide\u00bb animation_direction=\u00bbright\u00bb animation_intensity_slide=\u00bb10%\u00bb animation_starting_opacity=\u00bb100%\u00bb global_colors_info=\u00bb{}\u00bb]<\/p>\n<h2 style=\"text-align: center;\">VAL<\/h2>\n<p>[\/et_pb_text][et_pb_text _builder_version=\u00bb4.16&#8243; text_font=\u00bb||||||||\u00bb text_font_size=\u00bb16px\u00bb text_line_height=\u00bb1.8em\u00bb width=\u00bb100%\u00bb custom_margin=\u00bb-16px|||||\u00bb custom_padding=\u00bb||10px|\u00bb animation_style=\u00bbslide\u00bb animation_direction=\u00bbright\u00bb animation_intensity_slide=\u00bb10%\u00bb animation_starting_opacity=\u00bb100%\u00bb global_colors_info=\u00bb{}\u00bb]<\/p>\n<p>Av. <span>Alfredo del Mazo #3, Fracc. Ind. El Pedregal, Atizap\u00e1n de Zaragoza, Edo. de M\u00e9xico, C.P. 52948.\u00a0 M\u00e9xico<\/span><\/p>\n<p>[\/et_pb_text][\/et_pb_column][et_pb_column type=\u00bb2_5&#8243; _builder_version=\u00bb4.16&#8243; _module_preset=\u00bbdefault\u00bb global_colors_info=\u00bb{}\u00bb][et_pb_image src=\u00bbhttp:\/\/www.valmexico.com\/site\/wp-content\/uploads\/2022\/12\/youtube-1.png\u00bb title_text=\u00bbyoutube\u00bb url=\u00bbhttps:\/\/www.youtube.com\/channel\/UCSI8I5Z7s1ONAM2_7uje2lg\u00bb url_new_window=\u00bbon\u00bb align=\u00bbcenter\u00bb _builder_version=\u00bb4.19.3&#8243; _module_preset=\u00bbdefault\u00bb width=\u00bb59.4%\u00bb custom_margin=\u00bb||37px|||\u00bb custom_padding=\u00bb26px||45px|0px||\u00bb global_colors_info=\u00bb{}\u00bb][\/et_pb_image][\/et_pb_column][\/et_pb_row][\/et_pb_section]<\/p>\n","protected":false},"excerpt":{"rendered":"<p>VAL Compa\u00f1\u00eda con mas de 30 a\u00f1os de experiencia en las artes gr\u00e1ficas, y forma parte de un grupo de compa\u00f1\u00edas asociadas con el fin de brindar servicios a los convertidores mexicanos. Val es representante o distribuidor exclusivo de varias marcas l\u00edderes del ramo de las artes gr\u00e1ficas. Entre los productos que ofrece se encuentran: [&hellip;]<\/p>\n","protected":false},"author":1,"featured_media":0,"parent":0,"menu_order":0,"comment_status":"closed","ping_status":"closed","template":"","meta":{"_et_pb_use_builder":"on","_et_pb_old_content":"","_et_gb_content_width":"","footnotes":""},"_links":{"self":[{"href":"https:\/\/www.valmexico.com\/site\/index.php?rest_route=\/wp\/v2\/pages\/17"}],"collection":[{"href":"https:\/\/www.valmexico.com\/site\/index.php?rest_route=\/wp\/v2\/pages"}],"about":[{"href":"https:\/\/www.valmexico.com\/site\/index.php?rest_route=\/wp\/v2\/types\/page"}],"author":[{"embeddable":true,"href":"https:\/\/www.valmexico.com\/site\/index.php?rest_route=\/wp\/v2\/users\/1"}],"replies":[{"embeddable":true,"href":"https:\/\/www.valmexico.com\/site\/index.php?rest_route=%2Fwp%2Fv2%2Fcomments&post=17"}],"version-history":[{"count":24,"href":"https:\/\/www.valmexico.com\/site\/index.php?rest_route=\/wp\/v2\/pages\/17\/revisions"}],"predecessor-version":[{"id":571,"href":"https:\/\/www.valmexico.com\/site\/index.php?rest_route=\/wp\/v2\/pages\/17\/revisions\/571"}],"wp:attachment":[{"href":"https:\/\/www.valmexico.com\/site\/index.php?rest_route=%2Fwp%2Fv2%2Fmedia&parent=17"}],"curies":[{"name":"wp","href":"https:\/\/api.w.org\/{rel}","templated":true}]}}