{"id":225,"date":"2022-12-16T13:23:17","date_gmt":"2022-12-16T13:23:17","guid":{"rendered":"http:\/\/www.valmexico.com\/site\/?page_id=225"},"modified":"2024-06-21T16:38:58","modified_gmt":"2024-06-21T16:38:58","slug":"companias-asociadas","status":"publish","type":"page","link":"https:\/\/www.valmexico.com\/site\/?page_id=225","title":{"rendered":"Compa\u00f1ias Asociadas"},"content":{"rendered":"<p>[et_pb_section fb_built=\u00bb1&#8243; admin_label=\u00bbAbout Section\u00bb _builder_version=\u00bb4.16&#8243; background_color=\u00bb#f7f7f7&#8243; background_image=\u00bbhttp:\/\/www.valmexico.com\/site\/wp-content\/uploads\/2022\/12\/back.jpg\u00bb custom_margin=\u00bb16px|||||\u00bb custom_padding=\u00bb31px||15px|||\u00bb global_colors_info=\u00bb{}\u00bb][et_pb_row column_structure=\u00bb1_2,1_2&#8243; _builder_version=\u00bb4.19.3&#8243; _module_preset=\u00bbdefault\u00bb background_color=\u00bb#FFFFFF\u00bb width=\u00bb92.2%\u00bb global_colors_info=\u00bb{}\u00bb][et_pb_column type=\u00bb1_2&#8243; _builder_version=\u00bb4.19.3&#8243; _module_preset=\u00bbdefault\u00bb global_colors_info=\u00bb{}\u00bb][et_pb_image src=\u00bbhttp:\/\/www.valmexico.com\/site\/wp-content\/uploads\/2023\/01\/asc1.jpg\u00bb title_text=\u00bbasc1&#8243; url=\u00bbhttp:\/\/grupomagnacolor.com\/\u00bb url_new_window=\u00bbon\u00bb align=\u00bbcenter\u00bb _builder_version=\u00bb4.19.3&#8243; _module_preset=\u00bbdefault\u00bb global_colors_info=\u00bb{}\u00bb][\/et_pb_image][\/et_pb_column][et_pb_column type=\u00bb1_2&#8243; _builder_version=\u00bb4.19.3&#8243; _module_preset=\u00bbdefault\u00bb global_colors_info=\u00bb{}\u00bb][et_pb_text _builder_version=\u00bb4.19.3&#8243; _module_preset=\u00bbdefault\u00bb global_colors_info=\u00bb{}\u00bb]<\/p>\n<p><strong><a href=\"http:\/\/grupomagnacolor.com\/\" target=\"_blank\" rel=\"noopener\">Grupo Magna Color S.A. de C.V.<\/a>\u00a0<\/strong><span>&#8211; \u00a0Barras antiest\u00e1ticas, asistencia electrost\u00e1tica, cuchillas, c\u00e1maras de tinta cerradas, porta cuchillas, primers, strip blades y viscos\u00edmetro.<\/span><\/p>\n<p>[\/et_pb_text][\/et_pb_column][\/et_pb_row][\/et_pb_section][et_pb_section fb_built=\u00bb1&#8243; admin_label=\u00bbFeature 03&#8243; _builder_version=\u00bb4.19.3&#8243; custom_margin=\u00bb-19px|||||\u00bb custom_padding=\u00bb0px||8px|||\u00bb top_divider_style=\u00bbarrow3&#8243; top_divider_color=\u00bbrgba(224,196,136,0.31)\u00bb top_divider_height=\u00bb60px\u00bb top_divider_flip=\u00bbhorizontal\u00bb global_colors_info=\u00bb{}\u00bb][et_pb_row _builder_version=\u00bb4.16&#8243; _module_preset=\u00bbdefault\u00bb global_colors_info=\u00bb{}\u00bb][et_pb_column type=\u00bb4_4&#8243; _builder_version=\u00bb4.16&#8243; _module_preset=\u00bbdefault\u00bb global_colors_info=\u00bb{}\u00bb][et_pb_image src=\u00bbhttp:\/\/www.valmexico.com\/site\/wp-content\/uploads\/2022\/12\/item.png\u00bb title_text=\u00bbitem\u00bb align=\u00bbcenter\u00bb _builder_version=\u00bb4.16&#8243; _module_preset=\u00bbdefault\u00bb min_height=\u00bb22px\u00bb custom_margin=\u00bb18px||-25px|||\u00bb custom_padding=\u00bb||34px|||\u00bb global_colors_info=\u00bb{}\u00bb][\/et_pb_image][\/et_pb_column][\/et_pb_row][et_pb_row column_structure=\u00bb3_5,2_5&#8243; _builder_version=\u00bb4.16&#8243; make_fullwidth=\u00bbon\u00bb custom_width_px=\u00bb1600px\u00bb locked=\u00bboff\u00bb global_colors_info=\u00bb{}\u00bb global_module=\u00bb516&#8243; theme_builder_area=\u00bbpost_content\u00bb][et_pb_column type=\u00bb3_5&#8243; _builder_version=\u00bb4.16&#8243; custom_padding=\u00bb|||\u00bb global_colors_info=\u00bb{}\u00bb custom_padding__hover=\u00bb|||\u00bb theme_builder_area=\u00bbpost_content\u00bb][et_pb_text _builder_version=\u00bb4.19.3&#8243; header_font=\u00bb||||||||\u00bb header_2_font=\u00bbMontserrat|600|||||||\u00bb header_2_line_height=\u00bb1.5em\u00bb width=\u00bb100%\u00bb custom_margin=\u00bb||15px|\u00bb animation_style=\u00bbslide\u00bb animation_direction=\u00bbright\u00bb animation_intensity_slide=\u00bb10%\u00bb animation_starting_opacity=\u00bb100%\u00bb global_colors_info=\u00bb{}\u00bb theme_builder_area=\u00bbpost_content\u00bb]<\/p>\n<h2 style=\"text-align: center;\">VAL<\/h2>\n<p>[\/et_pb_text][et_pb_text _builder_version=\u00bb4.16&#8243; text_font=\u00bb||||||||\u00bb text_font_size=\u00bb16px\u00bb text_line_height=\u00bb1.8em\u00bb width=\u00bb100%\u00bb custom_margin=\u00bb-16px|||||\u00bb custom_padding=\u00bb||10px|\u00bb animation_style=\u00bbslide\u00bb animation_direction=\u00bbright\u00bb animation_intensity_slide=\u00bb10%\u00bb animation_starting_opacity=\u00bb100%\u00bb global_colors_info=\u00bb{}\u00bb theme_builder_area=\u00bbpost_content\u00bb]<\/p>\n<p>Av. <span>Alfredo del Mazo #3, Fracc. Ind. El Pedregal, Atizap\u00e1n de Zaragoza, Edo. de M\u00e9xico, C.P. 52948. M\u00e9xico<\/span><\/p>\n<p>[\/et_pb_text][\/et_pb_column][et_pb_column type=\u00bb2_5&#8243; _builder_version=\u00bb4.16&#8243; _module_preset=\u00bbdefault\u00bb global_colors_info=\u00bb{}\u00bb theme_builder_area=\u00bbpost_content\u00bb][et_pb_image src=\u00bbhttp:\/\/www.valmexico.com\/site\/wp-content\/uploads\/2022\/12\/youtube-1.png\u00bb title_text=\u00bbyoutube\u00bb url=\u00bbhttps:\/\/www.youtube.com\/channel\/UCSI8I5Z7s1ONAM2_7uje2lg\u00bb url_new_window=\u00bbon\u00bb align=\u00bbcenter\u00bb _builder_version=\u00bb4.19.3&#8243; _module_preset=\u00bbdefault\u00bb width=\u00bb59.4%\u00bb custom_margin=\u00bb||37px|||\u00bb custom_padding=\u00bb26px||45px|0px||\u00bb global_colors_info=\u00bb{}\u00bb theme_builder_area=\u00bbpost_content\u00bb][\/et_pb_image][\/et_pb_column][\/et_pb_row][\/et_pb_section]<\/p>\n","protected":false},"excerpt":{"rendered":"<p>Grupo Magna Color S.A. de C.V.\u00a0&#8211; \u00a0Barras antiest\u00e1ticas, asistencia electrost\u00e1tica, cuchillas, c\u00e1maras de tinta cerradas, porta cuchillas, primers, strip blades y viscos\u00edmetro.VALAv. Alfredo del Mazo #3, Fracc. Ind. El Pedregal, Atizap\u00e1n de Zaragoza, Edo. de M\u00e9xico, C.P. 52948. M\u00e9xico<\/p>\n","protected":false},"author":1,"featured_media":0,"parent":0,"menu_order":0,"comment_status":"closed","ping_status":"closed","template":"","meta":{"_et_pb_use_builder":"on","_et_pb_old_content":"","_et_gb_content_width":"","footnotes":""},"_links":{"self":[{"href":"https:\/\/www.valmexico.com\/site\/index.php?rest_route=\/wp\/v2\/pages\/225"}],"collection":[{"href":"https:\/\/www.valmexico.com\/site\/index.php?rest_route=\/wp\/v2\/pages"}],"about":[{"href":"https:\/\/www.valmexico.com\/site\/index.php?rest_route=\/wp\/v2\/types\/page"}],"author":[{"embeddable":true,"href":"https:\/\/www.valmexico.com\/site\/index.php?rest_route=\/wp\/v2\/users\/1"}],"replies":[{"embeddable":true,"href":"https:\/\/www.valmexico.com\/site\/index.php?rest_route=%2Fwp%2Fv2%2Fcomments&post=225"}],"version-history":[{"count":6,"href":"https:\/\/www.valmexico.com\/site\/index.php?rest_route=\/wp\/v2\/pages\/225\/revisions"}],"predecessor-version":[{"id":522,"href":"https:\/\/www.valmexico.com\/site\/index.php?rest_route=\/wp\/v2\/pages\/225\/revisions\/522"}],"wp:attachment":[{"href":"https:\/\/www.valmexico.com\/site\/index.php?rest_route=%2Fwp%2Fv2%2Fmedia&parent=225"}],"curies":[{"name":"wp","href":"https:\/\/api.w.org\/{rel}","templated":true}]}}