{"id":333,"date":"2023-02-08T01:53:47","date_gmt":"2023-02-08T01:53:47","guid":{"rendered":"https:\/\/www.valmexico.com\/site\/?page_id=333"},"modified":"2025-02-10T18:52:56","modified_gmt":"2025-02-10T18:52:56","slug":"reg","status":"publish","type":"page","link":"https:\/\/www.valmexico.com\/site\/?page_id=333&lang=en","title":{"rendered":"reg"},"content":{"rendered":"<p>[et_pb_section fb_built=\u00bb1&#8243; admin_label=\u00bbAbout Section\u00bb _builder_version=\u00bb4.16&#8243; background_color=\u00bb#f7f7f7&#8243; background_image=\u00bbhttp:\/\/www.valmexico.com\/site\/wp-content\/uploads\/2022\/12\/back.jpg\u00bb custom_margin=\u00bb16px|||||\u00bb custom_padding=\u00bb31px||15px|||\u00bb global_colors_info=\u00bb{}\u00bb][et_pb_row column_structure=\u00bb1_2,1_2&#8243; _builder_version=\u00bb4.19.3&#8243; _module_preset=\u00bbdefault\u00bb background_color=\u00bb#FFFFFF\u00bb width=\u00bb92.2%\u00bb global_colors_info=\u00bb{}\u00bb][et_pb_column type=\u00bb1_2&#8243; _builder_version=\u00bb4.19.3&#8243; _module_preset=\u00bbdefault\u00bb global_colors_info=\u00bb{}\u00bb][et_pb_text _builder_version=\u00bb4.19.3&#8243; _module_preset=\u00bbdefault\u00bb custom_margin=\u00bb75px|24px||24px|false|false\u00bb custom_padding=\u00bb|28px||||\u00bb inline_fonts=\u00bbOvo\u00bb global_colors_info=\u00bb{}\u00bb]<\/p>\n<h1><span style=\"font-family: Ovo; font-weight: normal;\">REGISTER CONTROL:<\/span><\/h1>\n<p><span style=\"font-family: Ovo; font-weight: normal;\"><\/span><\/p>\n<p><span style=\"font-family: Ovo; font-weight: normal;\"><\/span><\/p>\n<p><span style=\"font-family: Ovo; font-weight: normal;\"><\/span><\/p>\n<ul>\n<li class=\"lista\">RGB based Automatic Register Control<\/li>\n<\/ul>\n<p class=\"description\">&#8211; Regi Star 20 uses a 1 pixel camera for a sensor which allows for a very robust and flexible variation of applications and can control up to 20 print units (including die cutting, cutting and creasing, embossing, hot stamping, front and back printing, among others)<\/p>\n<ul>\n<li class=\"lista\">RGB based Single Color Register<\/li>\n<\/ul>\n<p class=\"description\">&#8211; Sincon Star uses the same 1 pixel camera and intuitive operation, but can be used for some of the following applications:<br \/>\u00a0 \u00a0 &#8211; Inserting in-register pre-printed material into the process<br \/>\u00a0 \u00a0 &#8211; Front to backside register control for CI Flexo printing press<br \/>\u00a0 \u00a0 &#8211; Register control for a downstream unit in line with a CI Flexo printing press<br \/>\u00a0 \u00a0 &#8211; Register control for a tool station in line with a printing press<\/p>\n<p>[\/et_pb_text][et_pb_button button_url=\u00bbhttps:\/\/www.youtube.com\/watch?v=Hf-YkJu_CC0&#8243; url_new_window=\u00bbon\u00bb button_text=\u00bbWatch Videos\u00bb button_alignment=\u00bbcenter\u00bb _builder_version=\u00bb4.19.3&#8243; _module_preset=\u00bbdefault\u00bb custom_button=\u00bbon\u00bb button_text_size=\u00bb20px\u00bb button_text_color=\u00bb#0C71C3&#8243; button_bg_enable_image=\u00bboff\u00bb button_bg_size=\u00bbinitial\u00bb button_border_width=\u00bb2px\u00bb button_border_radius=\u00bb28px\u00bb button_letter_spacing=\u00bb0px\u00bb button_font=\u00bbAudiowide||||||||\u00bb button_use_icon=\u00bboff\u00bb global_colors_info=\u00bb{}\u00bb][\/et_pb_button][\/et_pb_column][et_pb_column type=\u00bb1_2&#8243; _builder_version=\u00bb4.19.3&#8243; _module_preset=\u00bbdefault\u00bb global_colors_info=\u00bb{}\u00bb][et_pb_slider _builder_version=\u00bb4.19.3&#8243; _module_preset=\u00bbdefault\u00bb min_height=\u00bb270.8px\u00bb custom_margin=\u00bb74px||108px|-76px||\u00bb custom_padding=\u00bb122px||239px|||\u00bb animation_style=\u00bbfade\u00bb auto=\u00bbon\u00bb hover_transition_duration=\u00bb400ms\u00bb hover_transition_delay=\u00bb50ms\u00bb global_colors_info=\u00bb{}\u00bb][et_pb_slide _builder_version=\u00bb4.19.3&#8243; _module_preset=\u00bbdefault\u00bb background_image=\u00bbhttp:\/\/www.valmexico.com\/site\/wp-content\/uploads\/2023\/02\/reg1.jpg\u00bb background_enable_image=\u00bbon\u00bb global_colors_info=\u00bb{}\u00bb sticky_transition=\u00bbon\u00bb][\/et_pb_slide][et_pb_slide _builder_version=\u00bb4.19.3&#8243; _module_preset=\u00bbdefault\u00bb background_color=\u00bbRGBA(255,255,255,0)\u00bb background_enable_color=\u00bbon\u00bb background_image=\u00bbhttp:\/\/www.valmexico.com\/site\/wp-content\/uploads\/2023\/02\/reg2.jpg\u00bb background_enable_image=\u00bbon\u00bb background_size=\u00bbcontain\u00bb global_colors_info=\u00bb{}\u00bb sticky_transition=\u00bbon\u00bb][\/et_pb_slide][et_pb_slide _builder_version=\u00bb4.19.3&#8243; _module_preset=\u00bbdefault\u00bb background_color=\u00bbRGBA(255,255,255,0)\u00bb background_enable_color=\u00bbon\u00bb background_image=\u00bbhttp:\/\/www.valmexico.com\/site\/wp-content\/uploads\/2023\/02\/reg3.jpg\u00bb background_enable_image=\u00bbon\u00bb background_size=\u00bbcontain\u00bb global_colors_info=\u00bb{}\u00bb sticky_transition=\u00bbon\u00bb][\/et_pb_slide][et_pb_slide _builder_version=\u00bb4.19.3&#8243; _module_preset=\u00bbdefault\u00bb background_image=\u00bbhttp:\/\/www.valmexico.com\/site\/wp-content\/uploads\/2023\/02\/reg4.jpg\u00bb background_enable_image=\u00bbon\u00bb global_colors_info=\u00bb{}\u00bb sticky_transition=\u00bbon\u00bb][\/et_pb_slide][et_pb_slide _builder_version=\u00bb4.19.3&#8243; _module_preset=\u00bbdefault\u00bb background_image=\u00bbhttp:\/\/www.valmexico.com\/site\/wp-content\/uploads\/2023\/02\/reg5.jpg\u00bb background_enable_image=\u00bbon\u00bb global_colors_info=\u00bb{}\u00bb sticky_transition=\u00bbon\u00bb][\/et_pb_slide][et_pb_slide _builder_version=\u00bb4.19.3&#8243; _module_preset=\u00bbdefault\u00bb background_image=\u00bbhttp:\/\/www.valmexico.com\/site\/wp-content\/uploads\/2023\/02\/reg6.jpg\u00bb background_enable_image=\u00bbon\u00bb global_colors_info=\u00bb{}\u00bb sticky_transition=\u00bbon\u00bb][\/et_pb_slide][\/et_pb_slider][\/et_pb_column][\/et_pb_row][et_pb_row column_structure=\u00bb1_3,1_3,1_3&#8243; _builder_version=\u00bb4.19.3&#8243; _module_preset=\u00bbdefault\u00bb background_color=\u00bb#FFFFFF\u00bb width=\u00bb92.2%\u00bb global_colors_info=\u00bb{}\u00bb][et_pb_column type=\u00bb1_3&#8243; _builder_version=\u00bb4.19.3&#8243; _module_preset=\u00bbdefault\u00bb global_colors_info=\u00bb{}\u00bb][et_pb_image src=\u00bbhttp:\/\/www.valmexico.com\/site\/wp-content\/uploads\/2022\/12\/logo1.png\u00bb title_text=\u00bblogo1&#8243; align=\u00bbcenter\u00bb _builder_version=\u00bb4.19.3&#8243; _module_preset=\u00bbdefault\u00bb global_colors_info=\u00bb{}\u00bb][\/et_pb_image][et_pb_image title_text=\u00bblogo4&#8243; align=\u00bbcenter\u00bb _builder_version=\u00bb4.25.2&#8243; _module_preset=\u00bbdefault\u00bb hover_enabled=\u00bb0&#8243; global_colors_info=\u00bb{}\u00bb sticky_enabled=\u00bb0&#8243;][\/et_pb_image][\/et_pb_column][et_pb_column type=\u00bb1_3&#8243; _builder_version=\u00bb4.19.3&#8243; _module_preset=\u00bbdefault\u00bb global_colors_info=\u00bb{}\u00bb][et_pb_image src=\u00bbhttp:\/\/www.valmexico.com\/site\/wp-content\/uploads\/2023\/02\/logo-BST.jpg\u00bb title_text=\u00bblogo BST\u00bb align=\u00bbcenter\u00bb _builder_version=\u00bb4.19.3&#8243; _module_preset=\u00bbdefault\u00bb width=\u00bb70%\u00bb global_colors_info=\u00bb{}\u00bb][\/et_pb_image][et_pb_image src=\u00bbhttp:\/\/www.valmexico.com\/site\/wp-content\/uploads\/2023\/02\/logo5.jpg\u00bb title_text=\u00bblogo5&#8243; align=\u00bbcenter\u00bb _builder_version=\u00bb4.19.3&#8243; _module_preset=\u00bbdefault\u00bb global_colors_info=\u00bb{}\u00bb][\/et_pb_image][\/et_pb_column][et_pb_column type=\u00bb1_3&#8243; _builder_version=\u00bb4.19.3&#8243; _module_preset=\u00bbdefault\u00bb global_colors_info=\u00bb{}\u00bb][et_pb_image src=\u00bbhttp:\/\/www.valmexico.com\/site\/wp-content\/uploads\/2022\/12\/logo3.jpg\u00bb title_text=\u00bblogo3&#8243; align=\u00bbcenter\u00bb _builder_version=\u00bb4.19.3&#8243; _module_preset=\u00bbdefault\u00bb custom_margin=\u00bb-23px||||false|false\u00bb global_colors_info=\u00bb{}\u00bb][\/et_pb_image][et_pb_image src=\u00bbhttp:\/\/www.valmexico.com\/site\/wp-content\/uploads\/2022\/12\/logo6.jpg\u00bb title_text=\u00bblogo6&#8243; align=\u00bbcenter\u00bb _builder_version=\u00bb4.19.3&#8243; _module_preset=\u00bbdefault\u00bb global_colors_info=\u00bb{}\u00bb][\/et_pb_image][\/et_pb_column][\/et_pb_row][\/et_pb_section][et_pb_section fb_built=\u00bb1&#8243; admin_label=\u00bbFeature 03&#8243; _builder_version=\u00bb4.19.3&#8243; custom_margin=\u00bb-19px|||||\u00bb custom_padding=\u00bb0px||8px|||\u00bb top_divider_style=\u00bbarrow3&#8243; top_divider_color=\u00bbrgba(224,196,136,0.31)\u00bb top_divider_height=\u00bb60px\u00bb top_divider_flip=\u00bbhorizontal\u00bb global_module=\u00bb550&#8243; global_colors_info=\u00bb{}\u00bb][et_pb_row _builder_version=\u00bb4.16&#8243; _module_preset=\u00bbdefault\u00bb global_colors_info=\u00bb{}\u00bb][et_pb_column type=\u00bb4_4&#8243; _builder_version=\u00bb4.16&#8243; _module_preset=\u00bbdefault\u00bb global_colors_info=\u00bb{}\u00bb][et_pb_image src=\u00bbhttp:\/\/www.valmexico.com\/site\/wp-content\/uploads\/2022\/12\/item.png\u00bb title_text=\u00bbitem\u00bb align=\u00bbcenter\u00bb _builder_version=\u00bb4.16&#8243; _module_preset=\u00bbdefault\u00bb min_height=\u00bb22px\u00bb custom_margin=\u00bb18px||-25px|||\u00bb custom_padding=\u00bb||34px|||\u00bb global_colors_info=\u00bb{}\u00bb][\/et_pb_image][\/et_pb_column][\/et_pb_row][et_pb_row column_structure=\u00bb3_5,2_5&#8243; _builder_version=\u00bb4.25.2&#8243; make_fullwidth=\u00bbon\u00bb custom_width_px=\u00bb1600px\u00bb locked=\u00bboff\u00bb global_colors_info=\u00bb{}\u00bb][et_pb_column type=\u00bb3_5&#8243; _builder_version=\u00bb4.16&#8243; custom_padding=\u00bb|||\u00bb global_colors_info=\u00bb{}\u00bb custom_padding__hover=\u00bb|||\u00bb][et_pb_text _builder_version=\u00bb4.19.3&#8243; header_font=\u00bb||||||||\u00bb header_2_font=\u00bbMontserrat|600|||||||\u00bb header_2_line_height=\u00bb1.5em\u00bb width=\u00bb100%\u00bb custom_margin=\u00bb||15px|\u00bb animation_style=\u00bbslide\u00bb animation_direction=\u00bbright\u00bb animation_intensity_slide=\u00bb10%\u00bb animation_starting_opacity=\u00bb100%\u00bb global_colors_info=\u00bb{}\u00bb]<\/p>\n<h2 style=\"text-align: center;\">VAL<\/h2>\n<p>[\/et_pb_text][et_pb_text _builder_version=\u00bb4.16&#8243; text_font=\u00bb||||||||\u00bb text_font_size=\u00bb16px\u00bb text_line_height=\u00bb1.8em\u00bb width=\u00bb100%\u00bb custom_margin=\u00bb-16px|||||\u00bb custom_padding=\u00bb||10px|\u00bb animation_style=\u00bbslide\u00bb animation_direction=\u00bbright\u00bb animation_intensity_slide=\u00bb10%\u00bb animation_starting_opacity=\u00bb100%\u00bb global_colors_info=\u00bb{}\u00bb]<\/p>\n<p>Av. <span>Alfredo del Mazo #3, Fracc. Ind. El Pedregal, Atizap\u00e1n de Zaragoza, Edo. de M\u00e9xico, C.P. 52948. M\u00e9xico<\/span><\/p>\n<p>[\/et_pb_text][\/et_pb_column][et_pb_column type=\u00bb2_5&#8243; _builder_version=\u00bb4.16&#8243; _module_preset=\u00bbdefault\u00bb global_colors_info=\u00bb{}\u00bb][et_pb_image src=\u00bbhttp:\/\/www.valmexico.com\/site\/wp-content\/uploads\/2022\/12\/youtube-1.png\u00bb title_text=\u00bbyoutube\u00bb url=\u00bbhttps:\/\/www.youtube.com\/channel\/UCSI8I5Z7s1ONAM2_7uje2lg\u00bb url_new_window=\u00bbon\u00bb align=\u00bbcenter\u00bb _builder_version=\u00bb4.19.3&#8243; _module_preset=\u00bbdefault\u00bb width=\u00bb59.4%\u00bb custom_margin=\u00bb||37px|||\u00bb custom_padding=\u00bb26px||45px|0px||\u00bb global_colors_info=\u00bb{}\u00bb][\/et_pb_image][\/et_pb_column][\/et_pb_row][\/et_pb_section]<\/p>\n","protected":false},"excerpt":{"rendered":"<p>REGISTER CONTROL: RGB based Automatic Register Control &#8211; Regi Star 20 uses a 1 pixel camera for a sensor which allows for a very robust and flexible variation of applications and can control up to 20 print units (including die cutting, cutting and creasing, embossing, hot stamping, front and back printing, among others) RGB based [&hellip;]<\/p>\n","protected":false},"author":1,"featured_media":0,"parent":0,"menu_order":0,"comment_status":"closed","ping_status":"closed","template":"","meta":{"_et_pb_use_builder":"on","_et_pb_old_content":"","_et_gb_content_width":"","footnotes":""},"_links":{"self":[{"href":"https:\/\/www.valmexico.com\/site\/index.php?rest_route=\/wp\/v2\/pages\/333"}],"collection":[{"href":"https:\/\/www.valmexico.com\/site\/index.php?rest_route=\/wp\/v2\/pages"}],"about":[{"href":"https:\/\/www.valmexico.com\/site\/index.php?rest_route=\/wp\/v2\/types\/page"}],"author":[{"embeddable":true,"href":"https:\/\/www.valmexico.com\/site\/index.php?rest_route=\/wp\/v2\/users\/1"}],"replies":[{"embeddable":true,"href":"https:\/\/www.valmexico.com\/site\/index.php?rest_route=%2Fwp%2Fv2%2Fcomments&post=333"}],"version-history":[{"count":6,"href":"https:\/\/www.valmexico.com\/site\/index.php?rest_route=\/wp\/v2\/pages\/333\/revisions"}],"predecessor-version":[{"id":600,"href":"https:\/\/www.valmexico.com\/site\/index.php?rest_route=\/wp\/v2\/pages\/333\/revisions\/600"}],"wp:attachment":[{"href":"https:\/\/www.valmexico.com\/site\/index.php?rest_route=%2Fwp%2Fv2%2Fmedia&parent=333"}],"curies":[{"name":"wp","href":"https:\/\/api.w.org\/{rel}","templated":true}]}}